{"id":45944,"date":"2020-08-21T07:39:22","date_gmt":"2020-08-21T07:39:22","guid":{"rendered":"https:\/\/hotelpolo.de\/kontakt-os\/"},"modified":"2025-10-28T15:37:43","modified_gmt":"2025-10-28T15:37:43","slug":"kontakt-os","status":"publish","type":"page","link":"https:\/\/hotelpolo.de\/da\/kontakt-os\/","title":{"rendered":"Kontakt os"},"content":{"rendered":"\t\t<div data-elementor-type=\"wp-page\" data-elementor-id=\"45944\" class=\"elementor elementor-45944 elementor-37172\" data-elementor-post-type=\"page\">\n\t\t\t\t\t\t<section class=\"elementor-section-with-custom-width elementor-section elementor-top-section elementor-element elementor-element-1c49618 scheme_default elementor-section-boxed elementor-section-height-default elementor-section-height-default sc_fly_static\" data-id=\"1c49618\" data-element_type=\"section\" data-settings=\"{&quot;background_background&quot;:&quot;classic&quot;}\">\n\t\t\t\t\t\t<div class=\"elementor-container elementor-column-gap-no\">\n\t\t\t\t\t<div class=\"elementor-column elementor-col-100 elementor-top-column elementor-element elementor-element-97d6e82 sc_content_align_inherit sc_layouts_column_icons_position_left sc_fly_static\" data-id=\"97d6e82\" data-element_type=\"column\">\n\t\t\t<div class=\"elementor-widget-wrap elementor-element-populated\">\n\t\t\t\t\t\t<div class=\"elementor-element elementor-element-c3fcbb5 sc_fly_static elementor-widget elementor-widget-spacer\" data-id=\"c3fcbb5\" data-element_type=\"widget\" data-widget_type=\"spacer.default\">\n\t\t\t\t<div class=\"elementor-widget-container\">\n\t\t\t\t\t\t\t<div class=\"elementor-spacer\">\n\t\t\t<div class=\"elementor-spacer-inner\"><\/div>\n\t\t<\/div>\n\t\t\t\t\t\t<\/div>\n\t\t\t\t<\/div>\n\t\t\t\t<section class=\"elementor-section-with-custom-width elementor-section elementor-inner-section elementor-element elementor-element-9458e06 elementor-section-boxed elementor-section-height-default elementor-section-height-default sc_fly_static\" data-id=\"9458e06\" data-element_type=\"section\" data-settings=\"{&quot;background_background&quot;:&quot;classic&quot;}\">\n\t\t\t\t\t\t<div class=\"elementor-container elementor-column-gap-no\">\n\t\t\t\t\t<div class=\"elementor-column elementor-col-50 elementor-inner-column elementor-element elementor-element-2c6dacb sc_content_align_inherit sc_layouts_column_icons_position_left sc_fly_static\" data-id=\"2c6dacb\" data-element_type=\"column\">\n\t\t\t<div class=\"elementor-widget-wrap elementor-element-populated\">\n\t\t\t\t\t\t<div class=\"elementor-element elementor-element-4f16140 elementor-widget__width-initial sc_fly_static elementor-widget elementor-widget-trx_sc_title\" data-id=\"4f16140\" data-element_type=\"widget\" data-widget_type=\"trx_sc_title.default\">\n\t\t\t\t<div class=\"elementor-widget-container\">\n\t\t\t\t\t<div\t\tclass=\"sc_title sc_title_default\" ><span class=\"sc_item_subtitle sc_title_subtitle sc_item_subtitle_above sc_item_title_style_default sc_item_subtitle_with_custom_color trx_addons_inline_826073639\">Kontakt Polo am ZOB - Hamborg<\/span><h1 class=\"sc_item_title sc_title_title sc_item_title_style_default sc_item_title_tag\"\n\t\t\t><span class=\"sc_item_title_text\">Kom i kontakt med os!<\/span><\/h1><div class=\"sc_item_descr sc_title_descr\"><p>Kontakt os - Hotel Polo<br \/>\nVi \u00f8nsker, at dit ophold p\u00e5 Hotel Polo bliver en vellykket oplevelse.<br \/>\nUanset om du har en reservation, s\u00e6rlige \u00f8nsker eller sp\u00f8rgsm\u00e5l om vores tilbud - vores venlige team er der altid for dig og vil hj\u00e6lpe dig hurtigt, personligt og ligetil.<\/p>\n<p>Brug blot vores kontaktformular - vi ser frem til at h\u00f8re fra dig og vender tilbage til dig s\u00e5 hurtigt som muligt.<\/p>\n<\/div><\/div>\t\t\t\t<\/div>\n\t\t\t\t<\/div>\n\t\t\t\t<div class=\"elementor-element elementor-element-c149049 sc_fly_static elementor-widget elementor-widget-spacer\" data-id=\"c149049\" data-element_type=\"widget\" data-widget_type=\"spacer.default\">\n\t\t\t\t<div class=\"elementor-widget-container\">\n\t\t\t\t\t\t\t<div class=\"elementor-spacer\">\n\t\t\t<div class=\"elementor-spacer-inner\"><\/div>\n\t\t<\/div>\n\t\t\t\t\t\t<\/div>\n\t\t\t\t<\/div>\n\t\t\t\t\t<\/div>\n\t\t<\/div>\n\t\t\t\t<div class=\"elementor-column elementor-col-50 elementor-inner-column elementor-element elementor-element-859ea72 sc_content_align_inherit sc_layouts_column_icons_position_left sc_fly_static\" data-id=\"859ea72\" data-element_type=\"column\">\n\t\t\t<div class=\"elementor-widget-wrap elementor-element-populated\">\n\t\t\t\t\t\t<div class=\"elementor-element elementor-element-a80b5d7 sc_fly_static elementor-widget elementor-widget-spacer\" data-id=\"a80b5d7\" data-element_type=\"widget\" data-widget_type=\"spacer.default\">\n\t\t\t\t<div class=\"elementor-widget-container\">\n\t\t\t\t\t\t\t<div class=\"elementor-spacer\">\n\t\t\t<div class=\"elementor-spacer-inner\"><\/div>\n\t\t<\/div>\n\t\t\t\t\t\t<\/div>\n\t\t\t\t<\/div>\n\t\t\t\t<div class=\"elementor-element elementor-element-66be0202 scheme_dark sc_fly_static elementor-widget elementor-widget-trx_sc_contact_form_7\" data-id=\"66be0202\" data-element_type=\"widget\" data-widget_type=\"trx_sc_contact_form_7.default\">\n\t\t\t\t<div class=\"elementor-widget-container\">\n\t\t\t\t\t\n<div class=\"wpcf7 no-js\" id=\"wpcf7-f45996-o1\" lang=\"da-DK\" dir=\"ltr\" data-wpcf7-id=\"45996\">\n<div class=\"screen-reader-response\"><p role=\"status\" aria-live=\"polite\" aria-atomic=\"true\"><\/p> <ul><\/ul><\/div>\n<form action=\"\/da\/wp-json\/wp\/v2\/pages\/45944#wpcf7-f45996-o1\" method=\"post\" class=\"wpcf7-form init\" aria-label=\"Kontaktformular\" novalidate=\"novalidate\" data-status=\"init\">\n<fieldset class=\"hidden-fields-container\"><input type=\"hidden\" name=\"_wpcf7\" value=\"45996\" \/><input type=\"hidden\" name=\"_wpcf7_version\" value=\"6.1.1\" \/><input type=\"hidden\" name=\"_wpcf7_locale\" value=\"da_DK\" \/><input type=\"hidden\" name=\"_wpcf7_unit_tag\" value=\"wpcf7-f45996-o1\" \/><input type=\"hidden\" name=\"_wpcf7_container_post\" value=\"0\" \/><input type=\"hidden\" name=\"_wpcf7_posted_data_hash\" value=\"\" \/>\n<\/fieldset>\n<div class=\"form-style-4\">\n\t<div class=\"columns_wrap\">\n\t\t<div class=\"column-1_2\">\n\t\t\t<p><span class=\"style-icon icon-name\"><span class=\"wpcf7-form-control-wrap\" data-name=\"your-name\"><input size=\"40\" maxlength=\"400\" class=\"wpcf7-form-control wpcf7-text wpcf7-validates-as-required\" aria-required=\"true\" aria-invalid=\"false\" placeholder=\"Navn\" value=\"\" type=\"text\" name=\"your-name\" \/><\/span><\/span>\n\t\t\t<\/p>\n\t\t<\/div>\n\t\t<div class=\"column-1_2\">\n\t\t\t<p><span class=\"style-icon icon-email\"><span class=\"wpcf7-form-control-wrap\" data-name=\"din-email\"><input size=\"40\" maxlength=\"400\" class=\"wpcf7-form-control wpcf7-email wpcf7-validates-as-required wpcf7-text wpcf7-validates-as-email\" aria-required=\"true\" aria-invalid=\"false\" value=\"E-mail-adresse\" type=\"email\" name=\"din-email\" \/><\/span><\/span>\n\t\t\t<\/p>\n\t\t<\/div>\n\t<\/div>\n\t<div class=\"columns_wrap\">\n\t\t<div class=\"column-1_2\">\n\t\t\t<p><span class=\"style-icon icon-phone\"><span class=\"wpcf7-form-control-wrap\" data-name=\"phone\"><input size=\"40\" maxlength=\"400\" class=\"wpcf7-form-control wpcf7-tel wpcf7-validates-as-required wpcf7-text wpcf7-validates-as-tel\" aria-required=\"true\" aria-invalid=\"false\" placeholder=\"Phone\" value=\"\" type=\"tel\" name=\"phone\" \/><\/span><\/span>\n\t\t\t<\/p>\n\t\t<\/div>\n\t\t<div class=\"column-1_2\">\n\t\t\t<p><span class=\"style-icon icon-subject\"><span class=\"wpcf7-form-control-wrap\" data-name=\"subject\"><input size=\"40\" maxlength=\"400\" class=\"wpcf7-form-control wpcf7-text wpcf7-validates-as-required\" aria-required=\"true\" aria-invalid=\"false\" placeholder=\"Emne\" value=\"\" type=\"text\" name=\"subject\" \/><\/span><\/span>\n\t\t\t<\/p>\n\t\t<\/div>\n\t<\/div>\n\t<div class=\"columns_wrap margin-bottom\">\n\t\t<div class=\"column-1_1\">\n\t\t\t<p><span class=\"style-icon icon-textarea\"><span class=\"wpcf7-form-control-wrap\" data-name=\"your-message\"><textarea cols=\"40\" rows=\"10\" maxlength=\"2000\" class=\"wpcf7-form-control wpcf7-textarea wpcf7-validates-as-required\" aria-required=\"true\" aria-invalid=\"false\" placeholder=\"Hvordan kan vi hj\u00e6lpe dig? T\u00f8v ikke med at kontakte os!\" name=\"your-message\"><\/textarea><\/span><\/span>\n\t\t\t<\/p>\n\t\t<\/div>\n\t<\/div>\n\t<p><span class=\"wpcf7-form-control-wrap\" data-name=\"acceptance\"><span class=\"wpcf7-form-control wpcf7-acceptance\"><span class=\"wpcf7-list-item\"><label><input type=\"checkbox\" name=\"acceptance\" value=\"1\" aria-invalid=\"false\" \/><span class=\"wpcf7-list-item-label\">Jeg accepterer, at mine indsendte data <a href=\"\/privacy-policy\/\">indsamles og opbevares<\/a>.<\/span><\/label><\/span><\/span><\/span><input class=\"wpcf7-form-control wpcf7-submit has-spinner\" type=\"submit\" value=\"Kontaktformular\" \/>\n\t<\/p>\n<\/div><div class=\"wpcf7-response-output\" aria-hidden=\"true\"><\/div>\n<\/form>\n<\/div>\n\t\t\t\t<\/div>\n\t\t\t\t<\/div>\n\t\t\t\t\t<\/div>\n\t\t<\/div>\n\t\t\t\t\t<\/div>\n\t\t<\/section>\n\t\t\t\t<div class=\"elementor-element elementor-element-50e6f0b sc_fly_static elementor-widget elementor-widget-spacer\" data-id=\"50e6f0b\" data-element_type=\"widget\" data-widget_type=\"spacer.default\">\n\t\t\t\t<div class=\"elementor-widget-container\">\n\t\t\t\t\t\t\t<div class=\"elementor-spacer\">\n\t\t\t<div class=\"elementor-spacer-inner\"><\/div>\n\t\t<\/div>\n\t\t\t\t\t\t<\/div>\n\t\t\t\t<\/div>\n\t\t\t\t\t<\/div>\n\t\t<\/div>\n\t\t\t\t\t<\/div>\n\t\t<\/section>\n\t\t\t\t<section class=\"elementor-section elementor-top-section elementor-element elementor-element-845b3e8 elementor-section-boxed elementor-section-height-default elementor-section-height-default sc_fly_static\" data-id=\"845b3e8\" data-element_type=\"section\" id=\"map-1\">\n\t\t\t\t\t\t<div class=\"elementor-container elementor-column-gap-extended\">\n\t\t\t\t\t<div class=\"elementor-column elementor-col-50 elementor-top-column elementor-element elementor-element-bddf05f sc_content_align_inherit sc_layouts_column_icons_position_left sc_fly_static\" data-id=\"bddf05f\" data-element_type=\"column\">\n\t\t\t<div class=\"elementor-widget-wrap elementor-element-populated\">\n\t\t\t\t\t\t<div class=\"elementor-element elementor-element-71ca1ac sc_fly_static elementor-widget elementor-widget-trx_sc_icons\" data-id=\"71ca1ac\" data-element_type=\"widget\" data-widget_type=\"trx_sc_icons.default\">\n\t\t\t\t<div class=\"elementor-widget-container\">\n\t\t\t\t\t<div \tclass=\"sc_icons sc_icons_bordered sc_icons_size_small sc_align_none\" ><div class=\"sc_icons_item\"><div class=\"sc_icons_icon sc_icon_type_ icon-marker\" style=\"color: var(--e-global-color-primary)\" ><span class=\"sc_icon_type_ icon-marker\" style=\"color: var(--e-global-color-primary)\"><\/span><\/div><div class=\"sc_icons_item_details\"><div class=\"sc_icons_item_description\"><span>Adenauerallee 7 <\/span><span>20097 Hamburg<\/span><span><\/span><\/div><\/div><\/div><div class=\"sc_icons_item sc_icons_item_linked with_more\"><div class=\"sc_icons_icon sc_icon_type_ icon-iphone\" style=\"color: var(--e-global-color-primary)\" ><span class=\"sc_icon_type_ icon-iphone\" style=\"color: var(--e-global-color-primary)\"><\/span><\/div><div class=\"sc_icons_item_details\"><a href=\"\" class=\"sc_icons_item_more_link\">\n                        <span class=\"link_text\">+49 40 999995490<\/span><span class=\"link_icon\"><\/span>\n                        <\/a><a href=\"\"\n                        class=\"sc_icons_item_link\">\n                        <\/a><\/div><\/div><div class=\"sc_icons_item with_more\"><div class=\"sc_icons_icon sc_icon_type_ icon-envelope-2\" style=\"color: var(--e-global-color-primary)\" ><span class=\"sc_icon_type_ icon-envelope-2\" style=\"color: var(--e-global-color-primary)\"><\/span><\/div><div class=\"sc_icons_item_details\"><div class=\"sc_icons_item_description\"><span>info@hotelpolo.de<\/span><\/div><\/div><\/div><\/div><!-- \/.sc_icons -->\t\t\t\t<\/div>\n\t\t\t\t<\/div>\n\t\t\t\t\t<\/div>\n\t\t<\/div>\n\t\t\t\t<div class=\"elementor-column elementor-col-50 elementor-top-column elementor-element elementor-element-3b4d160 sc_content_align_inherit sc_layouts_column_icons_position_left sc_fly_static\" data-id=\"3b4d160\" data-element_type=\"column\">\n\t\t\t<div class=\"elementor-widget-wrap elementor-element-populated\">\n\t\t\t\t\t\t<div class=\"elementor-element elementor-element-aa52d0e sc_fly_static elementor-widget elementor-widget-trx_sc_googlemap\" data-id=\"aa52d0e\" data-element_type=\"widget\" data-widget_type=\"trx_sc_googlemap.default\">\n\t\t\t\t<div class=\"elementor-widget-container\">\n\t\t\t\t\t<div id=\"sc_googlemap_1382328398_wrap\" class=\"sc_googlemap_wrap\"><div id=\"sc_googlemap_1382328398\"\t\t\tclass=\"sc_item_content sc_map sc_googlemap sc_googlemap_default trx_addons_inline_1372561155\"\n\t\t\t \t\t\tdata-zoom=\"13\"\n\t\t\tdata-center=\"\"\n\t\t\tdata-style=\"extra\"\n\t\t\tdata-map-id=\"&lt;iframe src=&quot;https:\/\/www.google.com\/maps\/embed?pb=!1m18!1m12!1m3!1d2368.2206783251913!2d6.658836377150704!3d53.58952397236093!2m3!1f0!2f0!3f0!3m2!1i1024!2i768!4f13.1!3m3!1m2!1s0x47c9e879334bfa65%3A0x8a06d0de21ab7a4!2sUpstalsboom%20Borkum!5e0!3m2!1sde!2ses!4v1740173722702!5m2!1sde!2ses&quot; width=&quot;600&quot; height=&quot;450&quot; style=&quot;border:0;&quot; allowfullscreen=&quot;&quot; loading=&quot;lazy&quot; referrerpolicy=&quot;no-referrer-when-downgrade&quot;&gt;&lt;\/iframe&gt;\"\n\t\t\tdata-cluster-icon=\"https:\/\/hotelpolo.de\/wp-content\/uploads\/2025\/01\/Logo_web_f.png\"\n\t\t\t><iframe\n\t\t\t\t\t\tsrc=\"https:\/\/maps.google.com\/maps?t=m&output=embed&iwloc=near&z=13&q=Adenauerallee+7%2C+20097+Hamburg\"\n\t\t\t\t\t\taria-label=\"\"><\/iframe><\/div><\/div>\t\t\t\t<\/div>\n\t\t\t\t<\/div>\n\t\t\t\t\t<\/div>\n\t\t<\/div>\n\t\t\t\t\t<\/div>\n\t\t<\/section>\n\t\t\t\t<section class=\"elementor-section elementor-top-section elementor-element elementor-element-37f2b41 elementor-section-boxed elementor-section-height-default elementor-section-height-default sc_fly_static\" data-id=\"37f2b41\" data-element_type=\"section\">\n\t\t\t\t\t\t<div class=\"elementor-container elementor-column-gap-extended\">\n\t\t\t\t\t<div class=\"elementor-column elementor-col-100 elementor-top-column elementor-element elementor-element-c891df3 sc_content_align_inherit sc_layouts_column_icons_position_left sc_fly_static\" data-id=\"c891df3\" data-element_type=\"column\">\n\t\t\t<div class=\"elementor-widget-wrap elementor-element-populated\">\n\t\t\t\t\t\t<div class=\"elementor-element elementor-element-1e02308 sc_fly_static elementor-widget elementor-widget-spacer\" data-id=\"1e02308\" data-element_type=\"widget\" data-widget_type=\"spacer.default\">\n\t\t\t\t<div class=\"elementor-widget-container\">\n\t\t\t\t\t\t\t<div class=\"elementor-spacer\">\n\t\t\t<div class=\"elementor-spacer-inner\"><\/div>\n\t\t<\/div>\n\t\t\t\t\t\t<\/div>\n\t\t\t\t<\/div>\n\t\t\t\t\t<\/div>\n\t\t<\/div>\n\t\t\t\t\t<\/div>\n\t\t<\/section>\n\t\t\t\t<\/div>\n\t\t","protected":false},"excerpt":{"rendered":"<p>Kontakt Polo am ZOB &#8211; Hamborg Kom i kontakt med os! Kontakt os &#8211; Hotel Polo Vi \u00f8nsker, at dit ophold p\u00e5 Hotel Polo bliver en vellykket oplevelse. Uanset om&hellip;<\/p>\n","protected":false},"author":1,"featured_media":0,"parent":0,"menu_order":0,"comment_status":"closed","ping_status":"closed","template":"","meta":{"footnotes":""},"class_list":["post-45944","page","type-page","status-publish","hentry"],"yoast_head":"<!-- This site is optimized with the Yoast SEO plugin v25.7 - https:\/\/yoast.com\/wordpress\/plugins\/seo\/ -->\n<title>Har du sp\u00f8rgsm\u00e5l? Kontakt Hotel Polo p\u00e5 ZOB:<\/title>\n<meta name=\"description\" content=\"Kontakt os: Hotel Polo am ZOB &amp; Hbf. Telefon, e-mail eller formular. Hurtigt svar - dit ophold i Hamborg starter her!\" \/>\n<meta name=\"robots\" content=\"index, follow, max-snippet:-1, max-image-preview:large, max-video-preview:-1\" \/>\n<link rel=\"canonical\" href=\"https:\/\/hotelpolo.de\/da\/kontakt-os\/\" \/>\n<meta property=\"og:locale\" content=\"da_DK\" \/>\n<meta property=\"og:type\" content=\"article\" \/>\n<meta property=\"og:title\" content=\"Har du sp\u00f8rgsm\u00e5l? Kontakt Hotel Polo p\u00e5 ZOB:\" \/>\n<meta property=\"og:description\" content=\"Kontakt os: Hotel Polo am ZOB &amp; Hbf. Telefon, e-mail eller formular. Hurtigt svar - dit ophold i Hamborg starter her!\" \/>\n<meta property=\"og:url\" content=\"https:\/\/hotelpolo.de\/da\/kontakt-os\/\" \/>\n<meta property=\"og:site_name\" content=\"Hotel Polo am ZOB\" \/>\n<meta property=\"article:modified_time\" content=\"2025-10-28T15:37:43+00:00\" \/>\n<meta name=\"twitter:card\" content=\"summary_large_image\" \/>\n<meta name=\"twitter:label1\" content=\"Estimeret l\u00e6setid\" \/>\n\t<meta name=\"twitter:data1\" content=\"1 minut\" \/>\n<script type=\"application\/ld+json\" class=\"yoast-schema-graph\">{\"@context\":\"https:\/\/schema.org\",\"@graph\":[{\"@type\":\"WebPage\",\"@id\":\"https:\/\/hotelpolo.de\/da\/kontakt-os\/\",\"url\":\"https:\/\/hotelpolo.de\/da\/kontakt-os\/\",\"name\":\"Har du sp\u00f8rgsm\u00e5l? Kontakt Hotel Polo p\u00e5 ZOB:\",\"isPartOf\":{\"@id\":\"https:\/\/hotelpolo.de\/da\/#website\"},\"datePublished\":\"2020-08-21T07:39:22+00:00\",\"dateModified\":\"2025-10-28T15:37:43+00:00\",\"description\":\"Kontakt os: Hotel Polo am ZOB & Hbf. Telefon, e-mail eller formular. Hurtigt svar - dit ophold i Hamborg starter her!\",\"breadcrumb\":{\"@id\":\"https:\/\/hotelpolo.de\/da\/kontakt-os\/#breadcrumb\"},\"inLanguage\":\"da-DK\",\"potentialAction\":[{\"@type\":\"ReadAction\",\"target\":[\"https:\/\/hotelpolo.de\/da\/kontakt-os\/\"]}]},{\"@type\":\"BreadcrumbList\",\"@id\":\"https:\/\/hotelpolo.de\/da\/kontakt-os\/#breadcrumb\",\"itemListElement\":[{\"@type\":\"ListItem\",\"position\":1,\"name\":\"Startseite\",\"item\":\"https:\/\/hotelpolo.de\/da\/\"},{\"@type\":\"ListItem\",\"position\":2,\"name\":\"Kontakt os\"}]},{\"@type\":\"WebSite\",\"@id\":\"https:\/\/hotelpolo.de\/da\/#website\",\"url\":\"https:\/\/hotelpolo.de\/da\/\",\"name\":\"Hotel Polo am ZOB\",\"description\":\"Hamburg\",\"potentialAction\":[{\"@type\":\"SearchAction\",\"target\":{\"@type\":\"EntryPoint\",\"urlTemplate\":\"https:\/\/hotelpolo.de\/da\/?s={search_term_string}\"},\"query-input\":{\"@type\":\"PropertyValueSpecification\",\"valueRequired\":true,\"valueName\":\"search_term_string\"}}],\"inLanguage\":\"da-DK\"}]}<\/script>\n<!-- \/ Yoast SEO plugin. -->","yoast_head_json":{"title":"Har du sp\u00f8rgsm\u00e5l? Kontakt Hotel Polo p\u00e5 ZOB:","description":"Kontakt os: Hotel Polo am ZOB & Hbf. Telefon, e-mail eller formular. Hurtigt svar - dit ophold i Hamborg starter her!","robots":{"index":"index","follow":"follow","max-snippet":"max-snippet:-1","max-image-preview":"max-image-preview:large","max-video-preview":"max-video-preview:-1"},"canonical":"https:\/\/hotelpolo.de\/da\/kontakt-os\/","og_locale":"da_DK","og_type":"article","og_title":"Har du sp\u00f8rgsm\u00e5l? Kontakt Hotel Polo p\u00e5 ZOB:","og_description":"Kontakt os: Hotel Polo am ZOB & Hbf. Telefon, e-mail eller formular. Hurtigt svar - dit ophold i Hamborg starter her!","og_url":"https:\/\/hotelpolo.de\/da\/kontakt-os\/","og_site_name":"Hotel Polo am ZOB","article_modified_time":"2025-10-28T15:37:43+00:00","twitter_card":"summary_large_image","twitter_misc":{"Estimeret l\u00e6setid":"1 minut"},"schema":{"@context":"https:\/\/schema.org","@graph":[{"@type":"WebPage","@id":"https:\/\/hotelpolo.de\/da\/kontakt-os\/","url":"https:\/\/hotelpolo.de\/da\/kontakt-os\/","name":"Har du sp\u00f8rgsm\u00e5l? Kontakt Hotel Polo p\u00e5 ZOB:","isPartOf":{"@id":"https:\/\/hotelpolo.de\/da\/#website"},"datePublished":"2020-08-21T07:39:22+00:00","dateModified":"2025-10-28T15:37:43+00:00","description":"Kontakt os: Hotel Polo am ZOB & Hbf. Telefon, e-mail eller formular. Hurtigt svar - dit ophold i Hamborg starter her!","breadcrumb":{"@id":"https:\/\/hotelpolo.de\/da\/kontakt-os\/#breadcrumb"},"inLanguage":"da-DK","potentialAction":[{"@type":"ReadAction","target":["https:\/\/hotelpolo.de\/da\/kontakt-os\/"]}]},{"@type":"BreadcrumbList","@id":"https:\/\/hotelpolo.de\/da\/kontakt-os\/#breadcrumb","itemListElement":[{"@type":"ListItem","position":1,"name":"Startseite","item":"https:\/\/hotelpolo.de\/da\/"},{"@type":"ListItem","position":2,"name":"Kontakt os"}]},{"@type":"WebSite","@id":"https:\/\/hotelpolo.de\/da\/#website","url":"https:\/\/hotelpolo.de\/da\/","name":"Hotel Polo am ZOB","description":"Hamburg","potentialAction":[{"@type":"SearchAction","target":{"@type":"EntryPoint","urlTemplate":"https:\/\/hotelpolo.de\/da\/?s={search_term_string}"},"query-input":{"@type":"PropertyValueSpecification","valueRequired":true,"valueName":"search_term_string"}}],"inLanguage":"da-DK"}]}},"_links":{"self":[{"href":"https:\/\/hotelpolo.de\/da\/wp-json\/wp\/v2\/pages\/45944","targetHints":{"allow":["GET"]}}],"collection":[{"href":"https:\/\/hotelpolo.de\/da\/wp-json\/wp\/v2\/pages"}],"about":[{"href":"https:\/\/hotelpolo.de\/da\/wp-json\/wp\/v2\/types\/page"}],"author":[{"embeddable":true,"href":"https:\/\/hotelpolo.de\/da\/wp-json\/wp\/v2\/users\/1"}],"replies":[{"embeddable":true,"href":"https:\/\/hotelpolo.de\/da\/wp-json\/wp\/v2\/comments?post=45944"}],"version-history":[{"count":2,"href":"https:\/\/hotelpolo.de\/da\/wp-json\/wp\/v2\/pages\/45944\/revisions"}],"predecessor-version":[{"id":45966,"href":"https:\/\/hotelpolo.de\/da\/wp-json\/wp\/v2\/pages\/45944\/revisions\/45966"}],"wp:attachment":[{"href":"https:\/\/hotelpolo.de\/da\/wp-json\/wp\/v2\/media?parent=45944"}],"curies":[{"name":"wp","href":"https:\/\/api.w.org\/{rel}","templated":true}]}}